{"id":725,"date":"2020-03-19T14:15:23","date_gmt":"2020-03-19T13:15:23","guid":{"rendered":"http:\/\/wordpress.neunerhof.de\/?page_id=725"},"modified":"2020-05-14T14:31:41","modified_gmt":"2020-05-14T12:31:41","slug":"impressum-2","status":"publish","type":"page","link":"https:\/\/www.neunerhof.de\/?page_id=725","title":{"rendered":"IMPRESSUM"},"content":{"rendered":"\n<style type=\"text\/css\" data-created_by=\"avia_inline_auto\" id=\"style-css-av-k7w9ea2d-b9101197f0918b26123a989802314551\">\n.avia-section.av-k7w9ea2d-b9101197f0918b26123a989802314551 .av-parallax .av-parallax-inner{\nbackground-repeat:no-repeat;\nbackground-image:url(https:\/\/www.neunerhof.de\/wp-content\/uploads\/2020\/03\/ferienwohnung_jachenau_neunerhof17.jpg);\nbackground-position:50% 0%;\nbackground-attachment:scroll;\n}\n.avia-section.av-k7w9ea2d-b9101197f0918b26123a989802314551 .av-section-color-overlay{\nopacity:0.3;\nbackground-color:#000000;\n}\n#top .avia-section.av-k7w9ea2d-b9101197f0918b26123a989802314551 .scroll-down-link{\ncolor:#ffffff;\n}\n#top .avia-section.av-k7w9ea2d-b9101197f0918b26123a989802314551 .scroll-down-link.avia-svg-icon svg:first-child{\nstroke:#ffffff;\nfill:#ffffff;\n}\n<\/style>\n<div id='av_section_1'  class='avia-section av-k7w9ea2d-b9101197f0918b26123a989802314551 main_color avia-section-default avia-no-border-styling  avia-builder-el-0  el_before_av_textblock  avia-builder-el-first  av-parallax-section avia-bg-style-parallax av-section-color-overlay-active av-minimum-height av-minimum-height-75 av-height-75  container_wrap fullsize'  data-section-bg-repeat='no-repeat' data-av_minimum_height_pc='75' data-av_min_height_opt='75'><div class='av-parallax' data-avia-parallax-ratio='0.3' ><div class='av-parallax-inner main_color avia-full-stretch'><\/div><\/div><div class=\"av-section-color-overlay-wrap\"><div class=\"av-section-color-overlay\"><\/div><a href='#next-section' title='' class='scroll-down-link av-custom-scroll-down-color avia-svg-icon avia-font-svg_entypo-fontello' data-av_svg_icon='down-open-mini' data-av_iconset='svg_entypo-fontello'><svg version=\"1.1\" xmlns=\"http:\/\/www.w3.org\/2000\/svg\" width=\"15\" height=\"32\" viewBox=\"0 0 15 32\" preserveAspectRatio=\"xMidYMid meet\" aria-labelledby='av-svg-title-1' aria-describedby='av-svg-desc-1' role=\"graphics-symbol\" aria-hidden=\"true\">\n<title id='av-svg-title-1'>Scroll to next section<\/title>\n<desc id='av-svg-desc-1'>Scroll to next section<\/desc>\n<path d=\"M12.96 12.16q0.704-0.832 1.536 0 0.832 0.704 0 1.536l-6.272 6.144q-0.704 0.704-1.536 0l-6.272-6.144q-0.832-0.832 0-1.536 0.768-0.768 1.6 0l5.44 4.992z\"><\/path>\n<\/svg><\/a><div class='container av-section-cont-open' ><main  role=\"main\" itemprop=\"mainContentOfPage\"  class='template-page content  av-content-full alpha units'><div class='post-entry post-entry-type-page post-entry-725'><div class='entry-content-wrapper clearfix'>\n\n<style type=\"text\/css\" data-created_by=\"avia_inline_auto\" id=\"style-css-av-k85vojrp-b6d62a8b995e04537477f736ae9e119b\">\n#top .av_textblock_section.av-k85vojrp-b6d62a8b995e04537477f736ae9e119b .avia_textblock{\ncolor:#ffffff;\n}\n<\/style>\n<section  class='av_textblock_section av-k85vojrp-b6d62a8b995e04537477f736ae9e119b '   itemscope=\"itemscope\" itemtype=\"https:\/\/schema.org\/CreativeWork\" ><div class='avia_textblock av_inherit_color'  itemprop=\"text\" ><h2 style=\"text-align: center;\">IMPRESSUM<\/h2>\n<\/div><\/section>\n<\/div><\/div><\/main><!-- close content main element --><\/div><\/div><\/div><div id='after_section_1'  class='main_color av_default_container_wrap container_wrap fullsize'  ><div class='container av-section-cont-open' ><div class='template-page content  av-content-full alpha units'><div class='post-entry post-entry-type-page post-entry-725'><div class='entry-content-wrapper clearfix'>\n<section  class='av_textblock_section av-k84x55n2-069490602141d9c913da63c6d4341663 '   itemscope=\"itemscope\" itemtype=\"https:\/\/schema.org\/CreativeWork\" ><div class='avia_textblock'  itemprop=\"text\" ><p style=\"text-align: center;\"><strong>Diese Homepage ist ein Informationsangebot von:<\/strong><br \/>\nAnna Neuner \u00b7 Erbhof 12<br \/>\nD &#8211; 83676 Jachenau<br \/>\nTelefon: + 49 8043 \/ 254<br \/>\nMobil: + 160 \/ 933 227 20<br \/>\n<a href=\"mailto: info@neunerhof.de\">E-Mail: info@neunerhof.de<\/a><\/p>\n<p style=\"text-align: center;\"><strong>Fotos:<\/strong> Familie Neuner, Magnus Mayer, R. Mayer, Hans Hohenreiter, pixabay.com<\/p>\n<p style=\"text-align: center;\"><strong>Rechtliche Hinweise:<\/strong> Anna Neuner pr\u00fcft und aktualisiert die Informationen auf ihrer Website st\u00e4ndig. Trotz aller Sorgfalt k\u00f6nnen manche Daten fehlerhaft sein. Eine Haftung oder Garantie f\u00fcr die Aktualit\u00e4t, Richtigkeit und Vollst\u00e4ndigkeit der zur Verf\u00fcgung gestellten Informationen kann nicht \u00fcbernommen werden. Gleiches gilt auch f\u00fcr Webseiten, auf die mittels Hyperlink verwiesen wird. Anna Neuner ist f\u00fcr den Inhalt der Webseiten, die aufgrund einer solchen Verbindung erreicht werden, nicht verantwortlich. \u2014 Inhalt und Gestaltung der Internet-Seiten sind gesch\u00fctzt. Eine Vervielf\u00e4ltigung der Inhalte bedarf der vorherigen schriftlichen Zustimmung.<br \/>\nBitte beachten Sie auch unsere <a href=\"http:\/\/www.neunerhof.de\/?page_id=727\">Datenschutzerkl\u00e4rung<\/a>.<\/p>\n<\/div><\/section>\n","protected":false},"excerpt":{"rendered":"","protected":false},"author":2,"featured_media":0,"parent":0,"menu_order":0,"comment_status":"closed","ping_status":"closed","template":"","meta":{"footnotes":""},"class_list":["post-725","page","type-page","status-publish","hentry"],"yoast_head":"<!-- This site is optimized with the Yoast SEO plugin v26.8 - https:\/\/yoast.com\/product\/yoast-seo-wordpress\/ -->\n<title>IMPRESSUM - Ferienh\u00f6fe Neuner- und Luitpolderhof in Jachenau<\/title>\n<meta name=\"robots\" content=\"index, follow, max-snippet:-1, max-image-preview:large, max-video-preview:-1\" \/>\n<link rel=\"canonical\" href=\"https:\/\/www.neunerhof.de\/?page_id=725\" \/>\n<meta property=\"og:locale\" content=\"de_DE\" \/>\n<meta property=\"og:type\" content=\"article\" \/>\n<meta property=\"og:title\" content=\"IMPRESSUM - Ferienh\u00f6fe Neuner- und Luitpolderhof in Jachenau\" \/>\n<meta property=\"og:url\" content=\"https:\/\/www.neunerhof.de\/?page_id=725\" \/>\n<meta property=\"og:site_name\" content=\"Ferienh\u00f6fe Neuner- und Luitpolderhof in Jachenau\" \/>\n<meta property=\"article:modified_time\" content=\"2020-05-14T12:31:41+00:00\" \/>\n<meta name=\"twitter:card\" content=\"summary_large_image\" \/>\n<meta name=\"twitter:label1\" content=\"Gesch\u00e4tzte Lesezeit\" \/>\n\t<meta name=\"twitter:data1\" content=\"2\u00a0Minuten\" \/>\n<script type=\"application\/ld+json\" class=\"yoast-schema-graph\">{\"@context\":\"https:\/\/schema.org\",\"@graph\":[{\"@type\":\"WebPage\",\"@id\":\"https:\/\/www.neunerhof.de\/?page_id=725\",\"url\":\"https:\/\/www.neunerhof.de\/?page_id=725\",\"name\":\"IMPRESSUM - Ferienh\u00f6fe Neuner- und Luitpolderhof in Jachenau\",\"isPartOf\":{\"@id\":\"https:\/\/www.neunerhof.de\/#website\"},\"datePublished\":\"2020-03-19T13:15:23+00:00\",\"dateModified\":\"2020-05-14T12:31:41+00:00\",\"breadcrumb\":{\"@id\":\"https:\/\/www.neunerhof.de\/?page_id=725#breadcrumb\"},\"inLanguage\":\"de\",\"potentialAction\":[{\"@type\":\"ReadAction\",\"target\":[\"https:\/\/www.neunerhof.de\/?page_id=725\"]}]},{\"@type\":\"BreadcrumbList\",\"@id\":\"https:\/\/www.neunerhof.de\/?page_id=725#breadcrumb\",\"itemListElement\":[{\"@type\":\"ListItem\",\"position\":1,\"name\":\"Startseite\",\"item\":\"https:\/\/www.neunerhof.de\/\"},{\"@type\":\"ListItem\",\"position\":2,\"name\":\"IMPRESSUM\"}]},{\"@type\":\"WebSite\",\"@id\":\"https:\/\/www.neunerhof.de\/#website\",\"url\":\"https:\/\/www.neunerhof.de\/\",\"name\":\"Ferienh\u00f6fe Neuner- und Luitpolderhof in Jachenau\",\"description\":\"Eine weitere WordPress-Website\",\"potentialAction\":[{\"@type\":\"SearchAction\",\"target\":{\"@type\":\"EntryPoint\",\"urlTemplate\":\"https:\/\/www.neunerhof.de\/?s={search_term_string}\"},\"query-input\":{\"@type\":\"PropertyValueSpecification\",\"valueRequired\":true,\"valueName\":\"search_term_string\"}}],\"inLanguage\":\"de\"}]}<\/script>\n<!-- \/ Yoast SEO plugin. -->","yoast_head_json":{"title":"IMPRESSUM - Ferienh\u00f6fe Neuner- und Luitpolderhof in Jachenau","robots":{"index":"index","follow":"follow","max-snippet":"max-snippet:-1","max-image-preview":"max-image-preview:large","max-video-preview":"max-video-preview:-1"},"canonical":"https:\/\/www.neunerhof.de\/?page_id=725","og_locale":"de_DE","og_type":"article","og_title":"IMPRESSUM - Ferienh\u00f6fe Neuner- und Luitpolderhof in Jachenau","og_url":"https:\/\/www.neunerhof.de\/?page_id=725","og_site_name":"Ferienh\u00f6fe Neuner- und Luitpolderhof in Jachenau","article_modified_time":"2020-05-14T12:31:41+00:00","twitter_card":"summary_large_image","twitter_misc":{"Gesch\u00e4tzte Lesezeit":"2\u00a0Minuten"},"schema":{"@context":"https:\/\/schema.org","@graph":[{"@type":"WebPage","@id":"https:\/\/www.neunerhof.de\/?page_id=725","url":"https:\/\/www.neunerhof.de\/?page_id=725","name":"IMPRESSUM - Ferienh\u00f6fe Neuner- und Luitpolderhof in Jachenau","isPartOf":{"@id":"https:\/\/www.neunerhof.de\/#website"},"datePublished":"2020-03-19T13:15:23+00:00","dateModified":"2020-05-14T12:31:41+00:00","breadcrumb":{"@id":"https:\/\/www.neunerhof.de\/?page_id=725#breadcrumb"},"inLanguage":"de","potentialAction":[{"@type":"ReadAction","target":["https:\/\/www.neunerhof.de\/?page_id=725"]}]},{"@type":"BreadcrumbList","@id":"https:\/\/www.neunerhof.de\/?page_id=725#breadcrumb","itemListElement":[{"@type":"ListItem","position":1,"name":"Startseite","item":"https:\/\/www.neunerhof.de\/"},{"@type":"ListItem","position":2,"name":"IMPRESSUM"}]},{"@type":"WebSite","@id":"https:\/\/www.neunerhof.de\/#website","url":"https:\/\/www.neunerhof.de\/","name":"Ferienh\u00f6fe Neuner- und Luitpolderhof in Jachenau","description":"Eine weitere WordPress-Website","potentialAction":[{"@type":"SearchAction","target":{"@type":"EntryPoint","urlTemplate":"https:\/\/www.neunerhof.de\/?s={search_term_string}"},"query-input":{"@type":"PropertyValueSpecification","valueRequired":true,"valueName":"search_term_string"}}],"inLanguage":"de"}]}},"_links":{"self":[{"href":"https:\/\/www.neunerhof.de\/index.php?rest_route=\/wp\/v2\/pages\/725","targetHints":{"allow":["GET"]}}],"collection":[{"href":"https:\/\/www.neunerhof.de\/index.php?rest_route=\/wp\/v2\/pages"}],"about":[{"href":"https:\/\/www.neunerhof.de\/index.php?rest_route=\/wp\/v2\/types\/page"}],"author":[{"embeddable":true,"href":"https:\/\/www.neunerhof.de\/index.php?rest_route=\/wp\/v2\/users\/2"}],"replies":[{"embeddable":true,"href":"https:\/\/www.neunerhof.de\/index.php?rest_route=%2Fwp%2Fv2%2Fcomments&post=725"}],"version-history":[{"count":14,"href":"https:\/\/www.neunerhof.de\/index.php?rest_route=\/wp\/v2\/pages\/725\/revisions"}],"predecessor-version":[{"id":961,"href":"https:\/\/www.neunerhof.de\/index.php?rest_route=\/wp\/v2\/pages\/725\/revisions\/961"}],"wp:attachment":[{"href":"https:\/\/www.neunerhof.de\/index.php?rest_route=%2Fwp%2Fv2%2Fmedia&parent=725"}],"curies":[{"name":"wp","href":"https:\/\/api.w.org\/{rel}","templated":true}]}}