{"id":263,"date":"2020-03-15T20:40:49","date_gmt":"2020-03-15T19:40:49","guid":{"rendered":"http:\/\/wordpress.neunerhof.de\/?page_id=263"},"modified":"2020-03-24T19:35:34","modified_gmt":"2020-03-24T18:35:34","slug":"willkommen","status":"publish","type":"page","link":"https:\/\/www.neunerhof.de\/","title":{"rendered":"Willkommen"},"content":{"rendered":"\n<style type=\"text\/css\" data-created_by=\"avia_inline_auto\" id=\"style-css-av-k7waj4ca-ded2ad7bc0a87145f6a57b46b7ed6285\">\n.avia-section.av-k7waj4ca-ded2ad7bc0a87145f6a57b46b7ed6285 .av-parallax .av-parallax-inner{\nbackground-repeat:no-repeat;\nbackground-image:url(https:\/\/www.neunerhof.de\/wp-content\/uploads\/2020\/03\/ferienwohnung_jachenau_luitpolderhof6.jpg);\nbackground-position:50% 50%;\nbackground-attachment:scroll;\n}\n#top .avia-section.av-k7waj4ca-ded2ad7bc0a87145f6a57b46b7ed6285 .scroll-down-link{\ncolor:#ffffff;\n}\n#top .avia-section.av-k7waj4ca-ded2ad7bc0a87145f6a57b46b7ed6285 .scroll-down-link.avia-svg-icon svg:first-child{\nstroke:#ffffff;\nfill:#ffffff;\n}\n<\/style>\n<div id='av_section_1'  class='avia-section av-k7waj4ca-ded2ad7bc0a87145f6a57b46b7ed6285 main_color avia-section-default avia-no-border-styling  avia-builder-el-0  el_before_av_heading  avia-builder-el-first  av-parallax-section avia-bg-style-parallax av-minimum-height av-minimum-height-100 av-height-100  container_wrap fullsize'  data-section-bg-repeat='no-repeat' data-av_minimum_height_pc='100' data-av_min_height_opt='100'><div class='av-parallax' data-avia-parallax-ratio='0.3' ><div class='av-parallax-inner main_color avia-full-stretch'><\/div><\/div><div class=\"av-section-color-overlay-wrap\"><a href='#next-section' title='' class='scroll-down-link av-custom-scroll-down-color avia-svg-icon avia-font-svg_entypo-fontello' data-av_svg_icon='down-open-mini' data-av_iconset='svg_entypo-fontello'><svg version=\"1.1\" xmlns=\"http:\/\/www.w3.org\/2000\/svg\" width=\"15\" height=\"32\" viewBox=\"0 0 15 32\" preserveAspectRatio=\"xMidYMid meet\" aria-labelledby='av-svg-title-1' aria-describedby='av-svg-desc-1' role=\"graphics-symbol\" aria-hidden=\"true\">\n<title id='av-svg-title-1'>Scroll to next section<\/title>\n<desc id='av-svg-desc-1'>Scroll to next section<\/desc>\n<path d=\"M12.96 12.16q0.704-0.832 1.536 0 0.832 0.704 0 1.536l-6.272 6.144q-0.704 0.704-1.536 0l-6.272-6.144q-0.832-0.832 0-1.536 0.768-0.768 1.6 0l5.44 4.992z\"><\/path>\n<\/svg><\/a><div class='container av-section-cont-open' ><main  role=\"main\" itemprop=\"mainContentOfPage\"  class='template-page content  av-content-full alpha units'><div class='post-entry post-entry-type-page post-entry-263'><div class='entry-content-wrapper clearfix'><\/div><\/div><\/main><!-- close content main element --><\/div><\/div><\/div><div id='after_section_1'  class='main_color av_default_container_wrap container_wrap fullsize'  ><div class='container av-section-cont-open' ><div class='template-page content  av-content-full alpha units'><div class='post-entry post-entry-type-page post-entry-263'><div class='entry-content-wrapper clearfix'>\n\n<style type=\"text\/css\" data-created_by=\"avia_inline_auto\" id=\"style-css-av-a76kf-3610c1a31738bed56b75b2353df5121d\">\n#top .av-special-heading.av-a76kf-3610c1a31738bed56b75b2353df5121d{\npadding-bottom:10px;\n}\nbody .av-special-heading.av-a76kf-3610c1a31738bed56b75b2353df5121d .av-special-heading-tag .heading-char{\nfont-size:25px;\n}\n.av-special-heading.av-a76kf-3610c1a31738bed56b75b2353df5121d .av-subheading{\nfont-size:15px;\n}\n<\/style>\n<div  class='av-special-heading av-a76kf-3610c1a31738bed56b75b2353df5121d av-special-heading-h1 blockquote modern-quote modern-centered  avia-builder-el-1  el_after_av_section  el_before_av_hr  avia-builder-el-first '><div class='av-subheading av-subheading_above'><p>Gr\u00fc\u00df Gott auf dem Luitpolderhof und Neunerhof!<\/p>\n<\/div><h1 class='av-special-heading-tag '  itemprop=\"headline\"  >Sommer- und Winterurlaub in Jachenau, dem stillen Tal im Isarwinkel. <\/h1><div class=\"special-heading-border\"><div class=\"special-heading-inner-border\"><\/div><\/div><\/div>\n\n<style type=\"text\/css\" data-created_by=\"avia_inline_auto\" id=\"style-css-av-k7tiarrq-d8e4738c385bde8d2cff38a5c944b5bc\">\n#top .hr.av-k7tiarrq-d8e4738c385bde8d2cff38a5c944b5bc{\nmargin-top:30px;\nmargin-bottom:30px;\n}\n.hr.av-k7tiarrq-d8e4738c385bde8d2cff38a5c944b5bc .hr-inner{\nwidth:50px;\nborder-color:#000000;\nmax-width:45%;\n}\n.hr.av-k7tiarrq-d8e4738c385bde8d2cff38a5c944b5bc .av-seperator-icon{\ncolor:#000000;\n}\n.hr.av-k7tiarrq-d8e4738c385bde8d2cff38a5c944b5bc .av-seperator-icon.avia-svg-icon svg:first-child{\nfill:#000000;\nstroke:#000000;\n}\n<\/style>\n<div  class='hr av-k7tiarrq-d8e4738c385bde8d2cff38a5c944b5bc hr-custom  avia-builder-el-2  el_after_av_heading  el_before_av_textblock  hr-center hr-icon-yes'><span class='hr-inner inner-border-av-border-thin'><span class=\"hr-inner-style\"><\/span><\/span><span class='av-seperator-icon avia-iconfont avia-font-fontello' data-av_icon='\ue800' data-av_iconfont='fontello' ><\/span><span class='hr-inner inner-border-av-border-thin'><span class=\"hr-inner-style\"><\/span><\/span><\/div>\n<section  class='av_textblock_section av-k7thr1m5-2db8f944b8fba870c6466dab7cc2bb82 '   itemscope=\"itemscope\" itemtype=\"https:\/\/schema.org\/CreativeWork\" ><div class='avia_textblock'  itemprop=\"text\" ><p style=\"text-align: center;\">Erleben Sie erholsame Urlaubstage in unseren gepflegten Ferienwohnungen,<br \/>\numgeben von Ruhe und Natur.<br \/>\nUnser aktiver Bauernhof ist spezialisiert auf Milch-<br \/>\nund Forstwirtschaftsbetrieb.<br \/>\nAbseits vom Trubel k\u00f6nnen Sie hier die Natur zu allen Jahreszeiten erleben.<br \/>\nHier ist das Dorfleben noch sehr urspr\u00fcnglich:<br \/>\nDer Fluss Jachen, Wiesen, Berge, W\u00e4lder und Bauernh\u00f6fe pr\u00e4gen das Ortsbild.<\/p>\n<p style=\"text-align: center;\">Eine ideale Gegend, um zu wandern oder zu radeln.<br \/>\nZu den beliebtesten Sommerzielen der Jachenau z\u00e4hlt der Walchensee:<br \/>\nDessen t\u00fcrkisfarbenes Wasser wirkt unwiderstehlich auf Schwimmer,<br \/>\nSegler, Taucher, SUP-Freunde, Surfer und Angler.<\/p>\n<p style=\"text-align: center;\">Und eine Radltour entlang des Walchensee-S\u00fcdufers ohne Fotoapparat bereut man schon nach dem ersten Kilometer.<\/p>\n<\/div><\/section>\n\n<style type=\"text\/css\" data-created_by=\"avia_inline_auto\" id=\"style-css-av-k7tiarrq-d8e4738c385bde8d2cff38a5c944b5bc\">\n#top .hr.av-k7tiarrq-d8e4738c385bde8d2cff38a5c944b5bc{\nmargin-top:30px;\nmargin-bottom:30px;\n}\n.hr.av-k7tiarrq-d8e4738c385bde8d2cff38a5c944b5bc .hr-inner{\nwidth:50px;\nborder-color:#000000;\nmax-width:45%;\n}\n.hr.av-k7tiarrq-d8e4738c385bde8d2cff38a5c944b5bc .av-seperator-icon{\ncolor:#000000;\n}\n.hr.av-k7tiarrq-d8e4738c385bde8d2cff38a5c944b5bc .av-seperator-icon.avia-svg-icon svg:first-child{\nfill:#000000;\nstroke:#000000;\n}\n<\/style>\n<div  class='hr av-k7tiarrq-d8e4738c385bde8d2cff38a5c944b5bc hr-custom  avia-builder-el-4  el_after_av_textblock  el_before_av_textblock  hr-center hr-icon-yes'><span class='hr-inner inner-border-av-border-thin'><span class=\"hr-inner-style\"><\/span><\/span><span class='av-seperator-icon avia-iconfont avia-font-fontello' data-av_icon='\ue800' data-av_iconfont='fontello' ><\/span><span class='hr-inner inner-border-av-border-thin'><span class=\"hr-inner-style\"><\/span><\/span><\/div>\n<section  class='av_textblock_section av-k7ti37jg-c40c97b631f9540d34948d768610a5cd '   itemscope=\"itemscope\" itemtype=\"https:\/\/schema.org\/CreativeWork\" ><div class='avia_textblock'  itemprop=\"text\" ><h4 style=\"text-align: center;\">Ferienwohnungen direkt an der Loipe,<br \/>\nAusgangspunkt f\u00fcr viele Wanderungen,<br \/>\nzentral und ruhig gelegen<\/h4>\n<\/div><\/section>\n\n<style type=\"text\/css\" data-created_by=\"avia_inline_auto\" id=\"style-css-av-fw5fb-9bde0ef40e9573cbee9c5e49d7737f76\">\n.flex_column.av-fw5fb-9bde0ef40e9573cbee9c5e49d7737f76{\nborder-radius:0px 0px 0px 0px;\npadding:0px 0px 0px 0px;\n}\n<\/style>\n<div  class='flex_column av-fw5fb-9bde0ef40e9573cbee9c5e49d7737f76 av_one_third  avia-builder-el-6  el_after_av_textblock  el_before_av_one_third  first flex_column_div av-zero-column-padding  column-top-margin'     ><p>\n<style type=\"text\/css\" data-created_by=\"avia_inline_auto\" id=\"style-css-av-k7tirgvq-3c8cd3242ef787ada26933dbe4b1f42a\">\n.avia-image-container.av-k7tirgvq-3c8cd3242ef787ada26933dbe4b1f42a img.avia_image{\nbox-shadow:none;\n}\n.avia-image-container.av-k7tirgvq-3c8cd3242ef787ada26933dbe4b1f42a .av-image-caption-overlay-center{\ncolor:#ffffff;\n}\n<\/style>\n<div  class='avia-image-container av-k7tirgvq-3c8cd3242ef787ada26933dbe4b1f42a av-styling- avia_animated_image av-animated-when-visible-95 pop-up avia-align-center  avia-builder-el-7  el_before_av_hr  avia-builder-el-first '   itemprop=\"image\" itemscope=\"itemscope\" itemtype=\"https:\/\/schema.org\/ImageObject\" ><div class=\"avia-image-container-inner\"><div class=\"avia-image-overlay-wrap\"><img fetchpriority=\"high\" class='wp-image-370 avia-img-lazy-loading-not-370 avia_image ' src='https:\/\/www.neunerhof.de\/wp-content\/uploads\/2020\/03\/ferienwohnung_jachenau.jpg' alt='Ferienwohnung Luitpolderhof Schlafen' title='Ferienwohnung Luitpolderhof Schlafen'  height=\"750\" width=\"750\"  itemprop=\"thumbnailUrl\"  \/><\/div><\/div><\/div><br \/>\n\n<style type=\"text\/css\" data-created_by=\"avia_inline_auto\" id=\"style-css-av-9xrtz-1c1cfc874ebe557e6fa6ecdc04e46e79\">\n#top .hr.hr-invisible.av-9xrtz-1c1cfc874ebe557e6fa6ecdc04e46e79{\nheight:50px;\n}\n<\/style>\n<div  class='hr av-9xrtz-1c1cfc874ebe557e6fa6ecdc04e46e79 hr-invisible  avia-builder-el-8  el_after_av_image  el_before_av_textblock '><span class='hr-inner '><span class=\"hr-inner-style\"><\/span><\/span><\/div><br \/>\n<section  class='av_textblock_section av-k7thr1m5-2db8f944b8fba870c6466dab7cc2bb82 '   itemscope=\"itemscope\" itemtype=\"https:\/\/schema.org\/CreativeWork\" ><div class='avia_textblock'  itemprop=\"text\" ><p style=\"text-align: center;\">Erleben Sie erholsame Urlaubstage in unseren gepflegten Ferienwohnungen<\/p>\n<\/div><\/section><br \/>\n<div  class='avia-button-wrap av-k7til65i-a732f34dd8da683d5664464929a2e51c-wrap avia-button-center  avia-builder-el-10  el_after_av_textblock  avia-builder-el-last '><a href='https:\/\/www.neunerhof.de\/?page_id=265'  class='avia-button av-k7til65i-a732f34dd8da683d5664464929a2e51c av-link-btn avia-icon_select-yes-left-icon avia-size-medium avia-position-center avia-color-dark'   aria-label=\"FERIENWOHNUNGEN\"><span class='avia_button_icon avia_button_icon_left avia-iconfont avia-font-fontello' data-av_icon='\ue800' data-av_iconfont='fontello' ><\/span><span class='avia_iconbox_title' >FERIENWOHNUNGEN<\/span><\/a><\/div><\/p><\/div>\n\n<style type=\"text\/css\" data-created_by=\"avia_inline_auto\" id=\"style-css-av-fw5fb-d2613b07d4a0829ae4493a277a66e8f4\">\n.flex_column.av-fw5fb-d2613b07d4a0829ae4493a277a66e8f4{\nborder-radius:0px 0px 0px 0px;\npadding:0px 0px 0px 0px;\n}\n<\/style>\n<div  class='flex_column av-fw5fb-d2613b07d4a0829ae4493a277a66e8f4 av_one_third  avia-builder-el-11  el_after_av_one_third  el_before_av_one_third  flex_column_div av-zero-column-padding  column-top-margin'     ><p>\n<style type=\"text\/css\" data-created_by=\"avia_inline_auto\" id=\"style-css-av-k7tirgvq-f90ace693ec3d7682c56e37069958635\">\n.avia-image-container.av-k7tirgvq-f90ace693ec3d7682c56e37069958635 img.avia_image{\nbox-shadow:none;\n}\n.avia-image-container.av-k7tirgvq-f90ace693ec3d7682c56e37069958635 .av-image-caption-overlay-center{\ncolor:#ffffff;\n}\n<\/style>\n<div  class='avia-image-container av-k7tirgvq-f90ace693ec3d7682c56e37069958635 av-styling- avia_animated_image av-animated-when-visible-95 pop-up avia-align-center  avia-builder-el-12  el_before_av_hr  avia-builder-el-first '   itemprop=\"image\" itemscope=\"itemscope\" itemtype=\"https:\/\/schema.org\/ImageObject\" ><div class=\"avia-image-container-inner\"><div class=\"avia-image-overlay-wrap\"><img fetchpriority=\"high\" class='wp-image-379 avia-img-lazy-loading-not-379 avia_image ' src='https:\/\/www.neunerhof.de\/wp-content\/uploads\/2020\/03\/detail2_fewo_jachenau-1.jpg' alt='Detail Ferienwohnung Jachenau' title='Detail Ferienwohnung Jachenau'  height=\"750\" width=\"750\"  itemprop=\"thumbnailUrl\"  \/><\/div><\/div><\/div><br \/>\n\n<style type=\"text\/css\" data-created_by=\"avia_inline_auto\" id=\"style-css-av-9xrtz-1c1cfc874ebe557e6fa6ecdc04e46e79\">\n#top .hr.hr-invisible.av-9xrtz-1c1cfc874ebe557e6fa6ecdc04e46e79{\nheight:50px;\n}\n<\/style>\n<div  class='hr av-9xrtz-1c1cfc874ebe557e6fa6ecdc04e46e79 hr-invisible  avia-builder-el-13  el_after_av_image  el_before_av_textblock '><span class='hr-inner '><span class=\"hr-inner-style\"><\/span><\/span><\/div><br \/>\n<section  class='av_textblock_section av-k7thr1m5-2db8f944b8fba870c6466dab7cc2bb82 '   itemscope=\"itemscope\" itemtype=\"https:\/\/schema.org\/CreativeWork\" ><div class='avia_textblock'  itemprop=\"text\" ><p style=\"text-align: center;\">Mit der G\u00e4stekarte kann der Bus Jachenau-Lenggries kostenlos genutzt werden!<\/p>\n<\/div><\/section><br \/>\n<div  class='avia-button-wrap av-k7til65i-68c8b946a9d618b5fb8258d7486bcd20-wrap avia-button-center  avia-builder-el-15  el_after_av_textblock  avia-builder-el-last '><a href='https:\/\/www.neunerhof.de\/?page_id=279'  class='avia-button av-k7til65i-68c8b946a9d618b5fb8258d7486bcd20 av-link-btn avia-icon_select-yes-left-icon avia-size-medium avia-position-center avia-color-dark'   aria-label=\"PREISE\"><span class='avia_button_icon avia_button_icon_left avia-iconfont avia-font-fontello' data-av_icon='\ue800' data-av_iconfont='fontello' ><\/span><span class='avia_iconbox_title' >PREISE<\/span><\/a><\/div><\/p><\/div>\n\n<style type=\"text\/css\" data-created_by=\"avia_inline_auto\" id=\"style-css-av-fw5fb-d2613b07d4a0829ae4493a277a66e8f4\">\n.flex_column.av-fw5fb-d2613b07d4a0829ae4493a277a66e8f4{\nborder-radius:0px 0px 0px 0px;\npadding:0px 0px 0px 0px;\n}\n<\/style>\n<div  class='flex_column av-fw5fb-d2613b07d4a0829ae4493a277a66e8f4 av_one_third  avia-builder-el-16  el_after_av_one_third  el_before_av_section  avia-builder-el-last  flex_column_div av-zero-column-padding  column-top-margin'     ><p>\n<style type=\"text\/css\" data-created_by=\"avia_inline_auto\" id=\"style-css-av-k7tirgvq-3a1d14b217ff7e7eccfe2c9b1621e0d3\">\n.avia-image-container.av-k7tirgvq-3a1d14b217ff7e7eccfe2c9b1621e0d3 img.avia_image{\nbox-shadow:none;\n}\n.avia-image-container.av-k7tirgvq-3a1d14b217ff7e7eccfe2c9b1621e0d3 .av-image-caption-overlay-center{\ncolor:#ffffff;\n}\n<\/style>\n<div  class='avia-image-container av-k7tirgvq-3a1d14b217ff7e7eccfe2c9b1621e0d3 av-styling- avia_animated_image av-animated-when-visible-95 pop-up avia-align-center  avia-builder-el-17  el_before_av_hr  avia-builder-el-first '   itemprop=\"image\" itemscope=\"itemscope\" itemtype=\"https:\/\/schema.org\/ImageObject\" ><div class=\"avia-image-container-inner\"><div class=\"avia-image-overlay-wrap\"><img fetchpriority=\"high\" class='wp-image-376 avia-img-lazy-loading-not-376 avia_image ' src='https:\/\/www.neunerhof.de\/wp-content\/uploads\/2020\/03\/natururlaub_jachenau-2.jpg' alt='Naururlaub in Jachenau' title='Naururlaub in Jachenau'  height=\"750\" width=\"750\"  itemprop=\"thumbnailUrl\"  \/><\/div><\/div><\/div><br \/>\n\n<style type=\"text\/css\" data-created_by=\"avia_inline_auto\" id=\"style-css-av-9xrtz-1c1cfc874ebe557e6fa6ecdc04e46e79\">\n#top .hr.hr-invisible.av-9xrtz-1c1cfc874ebe557e6fa6ecdc04e46e79{\nheight:50px;\n}\n<\/style>\n<div  class='hr av-9xrtz-1c1cfc874ebe557e6fa6ecdc04e46e79 hr-invisible  avia-builder-el-18  el_after_av_image  el_before_av_textblock '><span class='hr-inner '><span class=\"hr-inner-style\"><\/span><\/span><\/div><br \/>\n<section  class='av_textblock_section av-k7thr1m5-2db8f944b8fba870c6466dab7cc2bb82 '   itemscope=\"itemscope\" itemtype=\"https:\/\/schema.org\/CreativeWork\" ><div class='avia_textblock'  itemprop=\"text\" ><p style=\"text-align: center;\">\u00a0Abseits vom Trubel k\u00f6nnen Sie hier die Natur zu allen Jahreszeiten erleben<\/p>\n<\/div><\/section><br \/>\n<div  class='avia-button-wrap av-k7til65i-242fa5a533f283bfa1dc46fc7b194714-wrap avia-button-center  avia-builder-el-20  el_after_av_textblock  avia-builder-el-last '><a href='https:\/\/www.neunerhof.de\/?page_id=282'  class='avia-button av-k7til65i-242fa5a533f283bfa1dc46fc7b194714 av-link-btn avia-icon_select-yes-left-icon avia-size-medium avia-position-center avia-color-dark'   aria-label=\"JACHENAU\"><span class='avia_button_icon avia_button_icon_left avia-iconfont avia-font-fontello' data-av_icon='\ue800' data-av_iconfont='fontello' ><\/span><span class='avia_iconbox_title' >JACHENAU<\/span><\/a><\/div><\/p><\/div>\n<\/div><\/div><\/div><!-- close content main div --><\/div><\/div>\n<style type=\"text\/css\" data-created_by=\"avia_inline_auto\" id=\"style-css-av-k7upfazs-d201c12764ef9f5eb1f4352b6e14115b\">\n.avia-section.av-k7upfazs-d201c12764ef9f5eb1f4352b6e14115b .av-parallax .av-parallax-inner{\nbackground-repeat:no-repeat;\nbackground-image:url(https:\/\/www.neunerhof.de\/wp-content\/uploads\/2020\/03\/jachenau_erholung8.jpg);\nbackground-position:0% 0%;\nbackground-attachment:scroll;\n}\n.avia-section.av-k7upfazs-d201c12764ef9f5eb1f4352b6e14115b .av-section-color-overlay{\nopacity:0.3;\nbackground-color:#020202;\n}\n<\/style>\n<div id='av_section_2'  class='avia-section av-k7upfazs-d201c12764ef9f5eb1f4352b6e14115b main_color avia-section-default avia-no-border-styling  avia-builder-el-21  el_after_av_one_third  avia-builder-el-last  av-parallax-section avia-bg-style-parallax av-section-color-overlay-active av-minimum-height av-minimum-height-75 av-height-75  container_wrap fullsize'  data-section-bg-repeat='no-repeat' data-av_minimum_height_pc='75' data-av_min_height_opt='75'><div class='av-parallax' data-avia-parallax-ratio='0.3' ><div class='av-parallax-inner main_color avia-full-stretch'><\/div><\/div><div class=\"av-section-color-overlay-wrap\"><div class=\"av-section-color-overlay\"><\/div><div class='container av-section-cont-open' ><div class='template-page content  av-content-full alpha units'><div class='post-entry post-entry-type-page post-entry-263'><div class='entry-content-wrapper clearfix'>\n\n<style type=\"text\/css\" data-created_by=\"avia_inline_auto\" id=\"style-css-av-k7ti37jg-16ca8cd30b2eee1d27b5cf70f75f123c\">\n#top .av_textblock_section.av-k7ti37jg-16ca8cd30b2eee1d27b5cf70f75f123c .avia_textblock{\ncolor:#ffffff;\n}\n<\/style>\n<section  class='av_textblock_section av-k7ti37jg-16ca8cd30b2eee1d27b5cf70f75f123c '   itemscope=\"itemscope\" itemtype=\"https:\/\/schema.org\/CreativeWork\" ><div class='avia_textblock av_inherit_color'  itemprop=\"text\" ><h4 style=\"text-align: center;\">Gem\u00fctliche Unterk\u00fcnfte<br \/>\nim gesunden Klima<\/h4>\n<\/div><\/section>\n\n","protected":false},"excerpt":{"rendered":"","protected":false},"author":2,"featured_media":0,"parent":0,"menu_order":0,"comment_status":"closed","ping_status":"closed","template":"","meta":{"footnotes":""},"class_list":["post-263","page","type-page","status-publish","hentry"],"yoast_head":"<!-- This site is optimized with the Yoast SEO plugin v26.8 - https:\/\/yoast.com\/product\/yoast-seo-wordpress\/ -->\n<title>Willkommen - Ferienh\u00f6fe Neuner- und Luitpolderhof in Jachenau<\/title>\n<meta name=\"description\" content=\"Ferienwohnungen auf dem Luitpolder- und Neunerhof in Jachenau mit M\u00f6glichkeit zur Hochwildjagd\" \/>\n<meta name=\"robots\" content=\"index, follow, max-snippet:-1, max-image-preview:large, max-video-preview:-1\" \/>\n<link rel=\"canonical\" href=\"https:\/\/www.neunerhof.de\/\" \/>\n<meta property=\"og:locale\" content=\"de_DE\" \/>\n<meta property=\"og:type\" content=\"article\" \/>\n<meta property=\"og:title\" content=\"Willkommen - Ferienh\u00f6fe Neuner- und Luitpolderhof in Jachenau\" \/>\n<meta property=\"og:description\" content=\"Ferienwohnungen auf dem Luitpolder- und Neunerhof in Jachenau mit M\u00f6glichkeit zur Hochwildjagd\" \/>\n<meta property=\"og:url\" content=\"https:\/\/www.neunerhof.de\/\" \/>\n<meta property=\"og:site_name\" content=\"Ferienh\u00f6fe Neuner- und Luitpolderhof in Jachenau\" \/>\n<meta property=\"article:modified_time\" content=\"2020-03-24T18:35:34+00:00\" \/>\n<meta name=\"twitter:card\" content=\"summary_large_image\" \/>\n<meta name=\"twitter:label1\" content=\"Gesch\u00e4tzte Lesezeit\" \/>\n\t<meta name=\"twitter:data1\" content=\"9\u00a0Minuten\" \/>\n<script type=\"application\/ld+json\" class=\"yoast-schema-graph\">{\"@context\":\"https:\/\/schema.org\",\"@graph\":[{\"@type\":\"WebPage\",\"@id\":\"https:\/\/www.neunerhof.de\/\",\"url\":\"https:\/\/www.neunerhof.de\/\",\"name\":\"Willkommen - Ferienh\u00f6fe Neuner- und Luitpolderhof in Jachenau\",\"isPartOf\":{\"@id\":\"https:\/\/www.neunerhof.de\/#website\"},\"datePublished\":\"2020-03-15T19:40:49+00:00\",\"dateModified\":\"2020-03-24T18:35:34+00:00\",\"description\":\"Ferienwohnungen auf dem Luitpolder- und Neunerhof in Jachenau mit M\u00f6glichkeit zur Hochwildjagd\",\"breadcrumb\":{\"@id\":\"https:\/\/www.neunerhof.de\/#breadcrumb\"},\"inLanguage\":\"de\",\"potentialAction\":[{\"@type\":\"ReadAction\",\"target\":[\"https:\/\/www.neunerhof.de\/\"]}]},{\"@type\":\"BreadcrumbList\",\"@id\":\"https:\/\/www.neunerhof.de\/#breadcrumb\",\"itemListElement\":[{\"@type\":\"ListItem\",\"position\":1,\"name\":\"Startseite\",\"item\":\"https:\/\/www.neunerhof.de\/\"},{\"@type\":\"ListItem\",\"position\":2,\"name\":\"Willkommen\"}]},{\"@type\":\"WebSite\",\"@id\":\"https:\/\/www.neunerhof.de\/#website\",\"url\":\"https:\/\/www.neunerhof.de\/\",\"name\":\"Ferienh\u00f6fe Neuner- und Luitpolderhof in Jachenau\",\"description\":\"Eine weitere WordPress-Website\",\"potentialAction\":[{\"@type\":\"SearchAction\",\"target\":{\"@type\":\"EntryPoint\",\"urlTemplate\":\"https:\/\/www.neunerhof.de\/?s={search_term_string}\"},\"query-input\":{\"@type\":\"PropertyValueSpecification\",\"valueRequired\":true,\"valueName\":\"search_term_string\"}}],\"inLanguage\":\"de\"}]}<\/script>\n<!-- \/ Yoast SEO plugin. -->","yoast_head_json":{"title":"Willkommen - Ferienh\u00f6fe Neuner- und Luitpolderhof in Jachenau","description":"Ferienwohnungen auf dem Luitpolder- und Neunerhof in Jachenau mit M\u00f6glichkeit zur Hochwildjagd","robots":{"index":"index","follow":"follow","max-snippet":"max-snippet:-1","max-image-preview":"max-image-preview:large","max-video-preview":"max-video-preview:-1"},"canonical":"https:\/\/www.neunerhof.de\/","og_locale":"de_DE","og_type":"article","og_title":"Willkommen - Ferienh\u00f6fe Neuner- und Luitpolderhof in Jachenau","og_description":"Ferienwohnungen auf dem Luitpolder- und Neunerhof in Jachenau mit M\u00f6glichkeit zur Hochwildjagd","og_url":"https:\/\/www.neunerhof.de\/","og_site_name":"Ferienh\u00f6fe Neuner- und Luitpolderhof in Jachenau","article_modified_time":"2020-03-24T18:35:34+00:00","twitter_card":"summary_large_image","twitter_misc":{"Gesch\u00e4tzte Lesezeit":"9\u00a0Minuten"},"schema":{"@context":"https:\/\/schema.org","@graph":[{"@type":"WebPage","@id":"https:\/\/www.neunerhof.de\/","url":"https:\/\/www.neunerhof.de\/","name":"Willkommen - Ferienh\u00f6fe Neuner- und Luitpolderhof in Jachenau","isPartOf":{"@id":"https:\/\/www.neunerhof.de\/#website"},"datePublished":"2020-03-15T19:40:49+00:00","dateModified":"2020-03-24T18:35:34+00:00","description":"Ferienwohnungen auf dem Luitpolder- und Neunerhof in Jachenau mit M\u00f6glichkeit zur Hochwildjagd","breadcrumb":{"@id":"https:\/\/www.neunerhof.de\/#breadcrumb"},"inLanguage":"de","potentialAction":[{"@type":"ReadAction","target":["https:\/\/www.neunerhof.de\/"]}]},{"@type":"BreadcrumbList","@id":"https:\/\/www.neunerhof.de\/#breadcrumb","itemListElement":[{"@type":"ListItem","position":1,"name":"Startseite","item":"https:\/\/www.neunerhof.de\/"},{"@type":"ListItem","position":2,"name":"Willkommen"}]},{"@type":"WebSite","@id":"https:\/\/www.neunerhof.de\/#website","url":"https:\/\/www.neunerhof.de\/","name":"Ferienh\u00f6fe Neuner- und Luitpolderhof in Jachenau","description":"Eine weitere WordPress-Website","potentialAction":[{"@type":"SearchAction","target":{"@type":"EntryPoint","urlTemplate":"https:\/\/www.neunerhof.de\/?s={search_term_string}"},"query-input":{"@type":"PropertyValueSpecification","valueRequired":true,"valueName":"search_term_string"}}],"inLanguage":"de"}]}},"_links":{"self":[{"href":"https:\/\/www.neunerhof.de\/index.php?rest_route=\/wp\/v2\/pages\/263","targetHints":{"allow":["GET"]}}],"collection":[{"href":"https:\/\/www.neunerhof.de\/index.php?rest_route=\/wp\/v2\/pages"}],"about":[{"href":"https:\/\/www.neunerhof.de\/index.php?rest_route=\/wp\/v2\/types\/page"}],"author":[{"embeddable":true,"href":"https:\/\/www.neunerhof.de\/index.php?rest_route=\/wp\/v2\/users\/2"}],"replies":[{"embeddable":true,"href":"https:\/\/www.neunerhof.de\/index.php?rest_route=%2Fwp%2Fv2%2Fcomments&post=263"}],"version-history":[{"count":58,"href":"https:\/\/www.neunerhof.de\/index.php?rest_route=\/wp\/v2\/pages\/263\/revisions"}],"predecessor-version":[{"id":984,"href":"https:\/\/www.neunerhof.de\/index.php?rest_route=\/wp\/v2\/pages\/263\/revisions\/984"}],"wp:attachment":[{"href":"https:\/\/www.neunerhof.de\/index.php?rest_route=%2Fwp%2Fv2%2Fmedia&parent=263"}],"curies":[{"name":"wp","href":"https:\/\/api.w.org\/{rel}","templated":true}]}}